
{"id":2396,"date":"2023-07-17T00:05:19","date_gmt":"2023-07-17T00:05:19","guid":{"rendered":"https:\/\/vigalpeixe.com\/?page_id=2396"},"modified":"2024-02-08T16:36:26","modified_gmt":"2024-02-08T16:36:26","slug":"aviso-legal","status":"publish","type":"page","link":"https:\/\/vigalpeixe.com\/?page_id=2396","title":{"rendered":"Aviso legal"},"content":{"rendered":"<p>Bienvenido\/a al sitio web de &#8220;Vigalpeixe.com&#8221;, propiedad de Vigal Peixe SL. A continuaci\u00f3n, se detallan los t\u00e9rminos y condiciones que rigen el uso de este sitio:<\/p>\n<ol>\n<li>Datos fiscales:<\/li>\n<\/ol>\n<ul>\n<li>Nombre: Vigal Peixe SL<\/li>\n<li>CIF: B27704717<\/li>\n<li>Direcci\u00f3n fiscal: \u00c1rea Portuaria de Bouzas, Ed. Of. Zona Franca de Vigo, Ofic. D2, 36208 Vigo (Pontevedra).<\/li>\n<\/ul>\n<ol start=\"2\">\n<li>Propiedad intelectual: Todos los derechos de propiedad intelectual sobre el contenido de este sitio web, incluidos textos, im\u00e1genes, gr\u00e1ficos, logotipos, videos y cualquier otro material, son propiedad de Vigal Peixe SL o de terceros autorizados. Queda prohibida la reproducci\u00f3n, distribuci\u00f3n o modificaci\u00f3n del contenido sin la autorizaci\u00f3n expresa por escrito de los propietarios.<\/li>\n<li>Uso del sitio web: El uso de este sitio web es responsabilidad del usuario. Se proh\u00edbe cualquier actividad que pueda interferir o da\u00f1ar la integridad de la p\u00e1gina. Vigal Peixe SL no se hace responsable de cualquier da\u00f1o o perjuicio derivado del acceso o uso del sitio.<\/li>\n<li>Enlaces externos: Este sitio web puede contener enlaces a sitios externos. Vigal Peixe SL no asume ninguna responsabilidad sobre el contenido o las pol\u00edticas de privacidad de dichos sitios.<\/li>\n<li>Protecci\u00f3n de datos: Los datos personales proporcionados por los usuarios a trav\u00e9s de este sitio se tratar\u00e1n de acuerdo con nuestra Pol\u00edtica de Privacidad, que cumple con la normativa vigente en materia de protecci\u00f3n de datos.<\/li>\n<li>Modificaciones: Vigal Peixe SL se reserva el derecho de modificar, actualizar o eliminar cualquier contenido, t\u00e9rmino o condici\u00f3n de este sitio web sin previo aviso.<\/li>\n<li>Ley aplicable y jurisdicci\u00f3n: Estos t\u00e9rminos y condiciones se rigen por la legislaci\u00f3n espa\u00f1ola. Cualquier disputa que surja en relaci\u00f3n con este sitio web estar\u00e1 sujeta a la jurisdicci\u00f3n de los tribunales de Vigo.<\/li>\n<\/ol>\n<p>Si tiene alguna pregunta o inquietud sobre este Aviso Legal, puede ponerse en contacto con nosotros a trav\u00e9s de la siguiente direcci\u00f3n de correo electr\u00f3nico: <a href=\"mailto:julio@vigalpeixe.com\">julio@vigalpeixe.com<\/a><\/p>\n<p>Gracias por visitar nuestro sitio web.<\/p>\n","protected":false},"excerpt":{"rendered":"<p>Bienvenido\/a al sitio web de &#8220;Vigalpeixe.com&#8221;, propiedad de Vigal Peixe SL. A continuaci\u00f3n, se detallan los t\u00e9rminos y condiciones que rigen el uso de este sitio: Datos fiscales: Nombre: Vigal Peixe SL CIF: B27704717 Direcci\u00f3n fiscal: \u00c1rea Portuaria de Bouzas, Ed. Of. Zona Franca de Vigo, Ofic. D2, 36208 Vigo (Pontevedra). Propiedad intelectual: Todos los [&hellip;]<\/p>\n","protected":false},"author":1,"featured_media":0,"parent":0,"menu_order":0,"comment_status":"closed","ping_status":"closed","template":"","meta":{"footnotes":""},"class_list":["post-2396","page","type-page","status-publish","hentry"],"acf":[],"_links":{"self":[{"href":"https:\/\/vigalpeixe.com\/index.php?rest_route=\/wp\/v2\/pages\/2396","targetHints":{"allow":["GET"]}}],"collection":[{"href":"https:\/\/vigalpeixe.com\/index.php?rest_route=\/wp\/v2\/pages"}],"about":[{"href":"https:\/\/vigalpeixe.com\/index.php?rest_route=\/wp\/v2\/types\/page"}],"author":[{"embeddable":true,"href":"https:\/\/vigalpeixe.com\/index.php?rest_route=\/wp\/v2\/users\/1"}],"replies":[{"embeddable":true,"href":"https:\/\/vigalpeixe.com\/index.php?rest_route=%2Fwp%2Fv2%2Fcomments&post=2396"}],"version-history":[{"count":2,"href":"https:\/\/vigalpeixe.com\/index.php?rest_route=\/wp\/v2\/pages\/2396\/revisions"}],"predecessor-version":[{"id":2525,"href":"https:\/\/vigalpeixe.com\/index.php?rest_route=\/wp\/v2\/pages\/2396\/revisions\/2525"}],"wp:attachment":[{"href":"https:\/\/vigalpeixe.com\/index.php?rest_route=%2Fwp%2Fv2%2Fmedia&parent=2396"}],"curies":[{"name":"wp","href":"https:\/\/api.w.org\/{rel}","templated":true}]}}